{"id":291,"date":"2021-06-11T04:21:48","date_gmt":"2021-06-11T04:21:48","guid":{"rendered":"http:\/\/www.autoserviskn.cz\/?page_id=291"},"modified":"2021-06-11T04:23:03","modified_gmt":"2021-06-11T04:23:03","slug":"plneni-klimatizaci","status":"publish","type":"page","link":"https:\/\/www.autoserviskn.cz\/index.php\/sluzby\/plneni-klimatizaci\/","title":{"rendered":"Pln\u011bn\u00ed klimatizac\u00ed"},"content":{"rendered":"","protected":false},"excerpt":{"rendered":"","protected":false},"author":2,"featured_media":0,"parent":283,"menu_order":0,"comment_status":"closed","ping_status":"closed","template":"template\/homepage-template.php","meta":[],"_links":{"self":[{"href":"https:\/\/www.autoserviskn.cz\/index.php\/wp-json\/wp\/v2\/pages\/291"}],"collection":[{"href":"https:\/\/www.autoserviskn.cz\/index.php\/wp-json\/wp\/v2\/pages"}],"about":[{"href":"https:\/\/www.autoserviskn.cz\/index.php\/wp-json\/wp\/v2\/types\/page"}],"author":[{"embeddable":true,"href":"https:\/\/www.autoserviskn.cz\/index.php\/wp-json\/wp\/v2\/users\/2"}],"replies":[{"embeddable":true,"href":"https:\/\/www.autoserviskn.cz\/index.php\/wp-json\/wp\/v2\/comments?post=291"}],"version-history":[{"count":1,"href":"https:\/\/www.autoserviskn.cz\/index.php\/wp-json\/wp\/v2\/pages\/291\/revisions"}],"predecessor-version":[{"id":292,"href":"https:\/\/www.autoserviskn.cz\/index.php\/wp-json\/wp\/v2\/pages\/291\/revisions\/292"}],"up":[{"embeddable":true,"href":"https:\/\/www.autoserviskn.cz\/index.php\/wp-json\/wp\/v2\/pages\/283"}],"wp:attachment":[{"href":"https:\/\/www.autoserviskn.cz\/index.php\/wp-json\/wp\/v2\/media?parent=291"}],"curies":[{"name":"wp","href":"https:\/\/api.w.org\/{rel}","templated":true}]}}