{"id":265,"date":"2021-06-11T03:25:57","date_gmt":"2021-06-11T03:25:57","guid":{"rendered":"http:\/\/www.autoserviskn.cz\/?page_id=265"},"modified":"2021-06-11T04:17:39","modified_gmt":"2021-06-11T04:17:39","slug":"clanky","status":"publish","type":"page","link":"https:\/\/www.autoserviskn.cz\/index.php\/clanky\/","title":{"rendered":"\u010cl\u00e1nky"},"content":{"rendered":"\t\t<div data-elementor-type=\"wp-page\" data-elementor-id=\"265\" class=\"elementor elementor-265\" data-elementor-settings=\"[]\">\n\t\t\t\t\t\t\t<div class=\"elementor-section-wrap\">\n\t\t\t\t\t\t\t<section class=\"elementor-section elementor-top-section elementor-element elementor-element-f99aab8 elementor-section-boxed elementor-section-height-default elementor-section-height-default\" data-id=\"f99aab8\" data-element_type=\"section\" data-settings=\"{&quot;background_background&quot;:&quot;classic&quot;}\">\n\t\t\t\t\t\t\t<div class=\"elementor-background-overlay\"><\/div>\n\t\t\t\t\t\t\t<div class=\"elementor-container elementor-column-gap-default\">\n\t\t\t\t\t<div class=\"elementor-column elementor-col-100 elementor-top-column elementor-element elementor-element-3680d4e\" data-id=\"3680d4e\" data-element_type=\"column\">\n\t\t\t<div class=\"elementor-widget-wrap elementor-element-populated\">\n\t\t\t\t\t\t\t\t<div class=\"elementor-element elementor-element-21bfd7d elementor-widget elementor-widget-elementskit-heading\" data-id=\"21bfd7d\" data-element_type=\"widget\" data-widget_type=\"elementskit-heading.default\">\n\t\t\t\t<div class=\"elementor-widget-container\">\n\t\t\t<div class=\"ekit-wid-con\" ><div class=\"ekit-heading elementskit-section-title-wraper text_left   ekit_heading_tablet-   ekit_heading_mobile- ekit-heading__title-in-left\">\t\t\t\t<div class='ekit-heading__title-wrapper'>\n\t\t\t<h1 class=\"ekit-heading--title elementskit-section-title \">\n\t\t\t\t\t\u010cl\u00e1nky\n\t\t\t\t<\/h1>\t\t\t\t<\/div>\n\t\t\t\t<div class='ekit-heading__content-wrapper'>\n\t\t\t\t\t\t\t<div class='ekit-heading__description'>\n\t\t\t\t\t<p>A small river named Duden flows by their place and supplies it with the necessary regelialia. It is a paradise <\/p>\n\t\t\t\t<\/div>\n\t\t\t\t\t\t\t<\/div>\n\t\t\t<\/div><\/div>\t\t<\/div>\n\t\t\t\t<\/div>\n\t\t\t\t\t<\/div>\n\t\t<\/div>\n\t\t\t\t\t\t\t<\/div>\n\t\t<\/section>\n\t\t\t\t<section class=\"elementor-section elementor-top-section elementor-element elementor-element-0f52d06 elementor-section-boxed elementor-section-height-default elementor-section-height-default\" data-id=\"0f52d06\" data-element_type=\"section\">\n\t\t\t\t\t\t<div class=\"elementor-container elementor-column-gap-default\">\n\t\t\t\t\t<div class=\"elementor-column elementor-col-100 elementor-top-column elementor-element elementor-element-fbf1c73\" data-id=\"fbf1c73\" data-element_type=\"column\">\n\t\t\t<div class=\"elementor-widget-wrap elementor-element-populated\">\n\t\t\t\t\t\t\t\t<div class=\"elementor-element elementor-element-a90010b elementor-widget elementor-widget-elementskit-blog-posts\" data-id=\"a90010b\" data-element_type=\"widget\" data-widget_type=\"elementskit-blog-posts.default\">\n\t\t\t\t<div class=\"elementor-widget-container\">\n\t\t\t<div class=\"ekit-wid-con\" >        <div id=\"post-items--a90010b\" class=\"row post-items\" data-masonry-config=\"true\">\n                    <div class=\"col-lg-6 col-md-6\">\n\n                                    <div class=\"elementskit-post-image-card\">\n                        <div class=\"elementskit-entry-header\">\n                                                            <a href=\"https:\/\/www.autoserviskn.cz\/index.php\/2021\/06\/09\/stavba-repliky-vozu-volkswagen-vento-z-filmu-rychle-a-zbesile-1\/\" class=\"elementskit-entry-thumb\">\n                                    <img src=\"https:\/\/www.autoserviskn.cz\/wp-content\/uploads\/2021\/06\/192120592_219806576380918_46923660972702842_n-1024x768.jpg\" alt=\"Stavba repliky vozu Volkswagen Vento z filmu Rychle a zb\u011bsile 1\">\n                                <\/a><!-- .elementskit-entry-thumb END -->\n                                                            \n                            \n                                                    <\/div><!-- .elementskit-entry-header END -->\n\n                        <div class=\"elementskit-post-body \">\n                                                                                    <h2 class=\"entry-title\">\n                    <a href=\"https:\/\/www.autoserviskn.cz\/index.php\/2021\/06\/09\/stavba-repliky-vozu-volkswagen-vento-z-filmu-rychle-a-zbesile-1\/\">\n                            Stavba repliky vozu Volkswagen Vento z filmu Rychle a zb\u011bsile 1                    <\/a>\n                <\/h2>\n                                                        \n                                                                                                                <div class=\"post-meta-list\">\n                                                                                                <span class=\"meta-date\">\n\n                                <i aria-hidden=\"true\" class=\"icon icon-calendar3\"><\/i>\n                                <span class=\"meta-date-text\">\n                                    9 \u010dervna, 2021                                <\/span>\n                            <\/span>\n                                                                                                                                                                                                <span class=\"post-cat\">\n\n                                <i aria-hidden=\"true\" class=\"icon icon-folder\"><\/i>\n                                <a href=\"https:\/\/www.autoserviskn.cz\/index.php\/category\/uncategorized\/\" rel=\"category tag\">Uncategorized<\/a>                            <\/span>\n                                                                                    <\/div>\n                                                                        \n                                        \n                                                                                                                                                                            <p>Lorem ipsum<\/p>\n                                                                                                                                                        <div class=\"btn-wraper\">\n                                    \n                                                                            <a href=\"https:\/\/www.autoserviskn.cz\/index.php\/2021\/06\/09\/stavba-repliky-vozu-volkswagen-vento-z-filmu-rychle-a-zbesile-1\/\" class=\"elementskit-btn  whitespace--normal\" >\n                                                                                    \u010c\u00edst v\u00edce                                        <\/a>\n                                                                    <\/div>\n                                                    <\/div><!-- .elementskit-post-body END -->\n                    <\/div>\n                \n            <\/div>\n                <\/div>\n       <\/div>\t\t<\/div>\n\t\t\t\t<\/div>\n\t\t\t\t\t<\/div>\n\t\t<\/div>\n\t\t\t\t\t\t\t<\/div>\n\t\t<\/section>\n\t\t\t\t\t\t<\/div>\n\t\t\t\t\t<\/div>\n\t\t","protected":false},"excerpt":{"rendered":"<p>\u010cl\u00e1nky A small river named Duden flows by their place and supplies it with the necessary regelialia. It is a paradise Stavba repliky vozu Volkswagen Vento z filmu Rychle a zb\u011bsile 1 9 \u010dervna, 2021 Uncategorized Lorem ipsum \u010c\u00edst v\u00edce<\/p>\n","protected":false},"author":2,"featured_media":0,"parent":0,"menu_order":0,"comment_status":"closed","ping_status":"closed","template":"elementor_header_footer","meta":[],"_links":{"self":[{"href":"https:\/\/www.autoserviskn.cz\/index.php\/wp-json\/wp\/v2\/pages\/265"}],"collection":[{"href":"https:\/\/www.autoserviskn.cz\/index.php\/wp-json\/wp\/v2\/pages"}],"about":[{"href":"https:\/\/www.autoserviskn.cz\/index.php\/wp-json\/wp\/v2\/types\/page"}],"author":[{"embeddable":true,"href":"https:\/\/www.autoserviskn.cz\/index.php\/wp-json\/wp\/v2\/users\/2"}],"replies":[{"embeddable":true,"href":"https:\/\/www.autoserviskn.cz\/index.php\/wp-json\/wp\/v2\/comments?post=265"}],"version-history":[{"count":10,"href":"https:\/\/www.autoserviskn.cz\/index.php\/wp-json\/wp\/v2\/pages\/265\/revisions"}],"predecessor-version":[{"id":277,"href":"https:\/\/www.autoserviskn.cz\/index.php\/wp-json\/wp\/v2\/pages\/265\/revisions\/277"}],"wp:attachment":[{"href":"https:\/\/www.autoserviskn.cz\/index.php\/wp-json\/wp\/v2\/media?parent=265"}],"curies":[{"name":"wp","href":"https:\/\/api.w.org\/{rel}","templated":true}]}}